{"id":2963,"date":"2023-05-28T10:54:29","date_gmt":"2023-05-28T08:54:29","guid":{"rendered":"https:\/\/www.music4sync.fr\/home\/register-2\/"},"modified":"2024-02-13T16:43:55","modified_gmt":"2024-02-13T15:43:55","slug":"register-2","status":"publish","type":"page","link":"https:\/\/www.music4sync.fr\/home\/register-2\/","title":{"rendered":"S\u2019inscrire"},"content":{"rendered":"<section class=\"wpb-content-wrapper\"><p>[vc_row equal_height=&#8221;&#8221; shift_y=&#8221;0&#8243; z_index=&#8221;0&#8243; css=&#8221;.vc_custom_1685350573759{margin-top: 70px !important;}&#8221;][vc_column][vc_custom_heading text=&#8221;Contact&#8221; font_size=&#8221;24&#8243; color=&#8221;white&#8221; font_weight=&#8221;700&#8243; letter_spacing=&#8221;-1px&#8221;][vc_separator el_width=&#8221;10px&#8221; color=&#8221;white&#8221; css=&#8221;.vc_custom_1685350613946{margin-top: -10px !important;}&#8221;][vc_column_text css=&#8221;.vc_custom_1707839033626{margin-top: -5px !important;}&#8221;]<\/p>\n<p style=\"text-align: center;\"><span style=\"font-family: helvetica, arial, sans-serif; color: #ffffff;\">Vous \u00eates r\u00e9alisateur, producteur ou monteur et vous souhaitez acc\u00e9der au contenu ? Contactez-nous, nous proc\u00e9derons \u00e0 votre inscription !<\/span><\/p>\n<p>[\/vc_column_text]\n<div class=\"wpcf7 no-js\" id=\"wpcf7-f2469-o1\" lang=\"fr-FR\" dir=\"ltr\">\n<div class=\"screen-reader-response\"><p role=\"status\" aria-live=\"polite\" aria-atomic=\"true\"><\/p> <ul><\/ul><\/div>\n<form action=\"\/home\/wp-json\/wp\/v2\/pages\/2963#wpcf7-f2469-o1\" method=\"post\" class=\"wpcf7-form init\" aria-label=\"Formulaire de contact\" novalidate=\"novalidate\" data-status=\"init\">\n<div style=\"display: none;\">\n<input type=\"hidden\" name=\"_wpcf7\" value=\"2469\" \/>\n<input type=\"hidden\" name=\"_wpcf7_version\" value=\"5.8.5\" \/>\n<input type=\"hidden\" name=\"_wpcf7_locale\" value=\"fr_FR\" \/>\n<input type=\"hidden\" name=\"_wpcf7_unit_tag\" value=\"wpcf7-f2469-o1\" \/>\n<input type=\"hidden\" name=\"_wpcf7_container_post\" value=\"0\" \/>\n<input type=\"hidden\" name=\"_wpcf7_posted_data_hash\" value=\"\" \/>\n<input type=\"hidden\" name=\"_wpcf7_recaptcha_response\" value=\"\" \/>\n<\/div>\n<p><label> Votre nom<br \/>\n<span class=\"wpcf7-form-control-wrap\" data-name=\"your-name\"><input size=\"40\" class=\"wpcf7-form-control wpcf7-text wpcf7-validates-as-required\" autocomplete=\"name\" aria-required=\"true\" aria-invalid=\"false\" value=\"\" type=\"text\" name=\"your-name\" \/><\/span> <\/label>\n<\/p>\n<p><label> Votre email<br \/>\n<span class=\"wpcf7-form-control-wrap\" data-name=\"your-email\"><input size=\"40\" class=\"wpcf7-form-control wpcf7-email wpcf7-validates-as-required wpcf7-text wpcf7-validates-as-email\" autocomplete=\"email\" aria-required=\"true\" aria-invalid=\"false\" value=\"\" type=\"email\" name=\"your-email\" \/><\/span> <\/label>\n<\/p>\n<p><label> Sujet<br \/>\n<span class=\"wpcf7-form-control-wrap\" data-name=\"your-subject\"><input size=\"40\" class=\"wpcf7-form-control wpcf7-text wpcf7-validates-as-required\" aria-required=\"true\" aria-invalid=\"false\" value=\"\" type=\"text\" name=\"your-subject\" \/><\/span> <\/label>\n<\/p>\n<p><label> Votre message<br \/>\n<span class=\"wpcf7-form-control-wrap\" data-name=\"your-message\"><textarea cols=\"40\" rows=\"10\" class=\"wpcf7-form-control wpcf7-textarea\" aria-invalid=\"false\" name=\"your-message\"><\/textarea><\/span> <\/label>\n<\/p>\n<p><input class=\"wpcf7-form-control wpcf7-submit has-spinner\" type=\"submit\" value=\"Envoyer\" \/>\n<\/p><p style=\"display: none !important;\" class=\"akismet-fields-container\" data-prefix=\"_wpcf7_ak_\"><label>&#916;<textarea name=\"_wpcf7_ak_hp_textarea\" cols=\"45\" rows=\"8\" maxlength=\"100\"><\/textarea><\/label><input type=\"hidden\" id=\"ak_js_1\" name=\"_wpcf7_ak_js\" value=\"200\"\/><script>document.getElementById( \"ak_js_1\" ).setAttribute( \"value\", ( new Date() ).getTime() );<\/script><\/p><div class=\"wpcf7-response-output\" aria-hidden=\"true\"><\/div>\n<\/form>\n<\/div>\n[\/vc_column][\/vc_row]<\/p>\n<\/section>","protected":false},"excerpt":{"rendered":"<p>[vc_row equal_height=&#8221;&#8221; shift_y=&#8221;0&#8243; z_index=&#8221;0&#8243; css=&#8221;.vc_custom_1685350573759{margin-top: 70px !important;}&#8221;][vc_column][vc_custom_heading text=&#8221;Contact&#8221; font_size=&#8221;24&#8243; color=&#8221;white&#8221; font_weight=&#8221;700&#8243; letter_spacing=&#8221;-1px&#8221;][vc_separator el_width=&#8221;10px&#8221; color=&#8221;white&#8221; css=&#8221;.vc_custom_1685350613946{margin-top: -10px !important;}&#8221;][vc_column_text css=&#8221;.vc_custom_1707839033626{margin-top: -5px !important;}&#8221;] Vous \u00eates r\u00e9alisateur, producteur ou monteur et vous souhaitez acc\u00e9der au contenu ? Contactez-nous, nous proc\u00e9derons \u00e0 votre inscription ! [\/vc_column_text][\/vc_column][\/vc_row]<\/p>\n","protected":false},"author":1,"featured_media":0,"parent":0,"menu_order":0,"comment_status":"closed","ping_status":"closed","template":"","meta":{"footnotes":""},"class_list":{"0":"post-2963","1":"page","2":"type-page","3":"status-publish","4":"hentry","5":"entry","6":"clearfix","7":"entry-grid","8":"entry-columns-default","9":"entry-page-module-layout-standard","10":"no-post-thumbnail","11":"entry-page","13":"entry-page-grid"},"yoast_head":"<!-- This site is optimized with the Yoast SEO plugin v21.6 - https:\/\/yoast.com\/wordpress\/plugins\/seo\/ -->\n<title>S\u2019inscrire -<\/title>\n<meta name=\"robots\" content=\"index, follow, max-snippet:-1, max-image-preview:large, max-video-preview:-1\" \/>\n<link rel=\"canonical\" href=\"https:\/\/www.music4sync.fr\/home\/register-2\/\" \/>\n<meta property=\"og:locale\" content=\"fr_FR\" \/>\n<meta property=\"og:type\" content=\"article\" \/>\n<meta property=\"og:title\" content=\"S\u2019inscrire -\" \/>\n<meta property=\"og:description\" content=\"[vc_row equal_height=&#8221;&#8221; shift_y=&#8221;0&#8243; z_index=&#8221;0&#8243; css=&#8221;.vc_custom_1685350573759{margin-top: 70px !important;}&#8221;][vc_column][vc_custom_heading text=&#8221;Contact&#8221; font_size=&#8221;24&#8243; color=&#8221;white&#8221; font_weight=&#8221;700&#8243; letter_spacing=&#8221;-1px&#8221;][vc_separator el_width=&#8221;10px&#8221; color=&#8221;white&#8221; css=&#8221;.vc_custom_1685350613946{margin-top: -10px !important;}&#8221;][vc_column_text css=&#8221;.vc_custom_1707839033626{margin-top: -5px !important;}&#8221;] Vous \u00eates r\u00e9alisateur, producteur ou monteur et vous souhaitez acc\u00e9der au contenu ? Contactez-nous, nous proc\u00e9derons \u00e0 votre inscription ! [\/vc_column_text][\/vc_column][\/vc_row]\" \/>\n<meta property=\"og:url\" content=\"https:\/\/www.music4sync.fr\/home\/register-2\/\" \/>\n<meta property=\"article:modified_time\" content=\"2024-02-13T15:43:55+00:00\" \/>\n<meta name=\"twitter:card\" content=\"summary_large_image\" \/>\n<meta name=\"twitter:label1\" content=\"Dur\u00e9e de lecture estim\u00e9e\" \/>\n\t<meta name=\"twitter:data1\" content=\"1 minute\" \/>\n<script type=\"application\/ld+json\" class=\"yoast-schema-graph\">{\"@context\":\"https:\/\/schema.org\",\"@graph\":[{\"@type\":\"WebPage\",\"@id\":\"https:\/\/www.music4sync.fr\/home\/register-2\/\",\"url\":\"https:\/\/www.music4sync.fr\/home\/register-2\/\",\"name\":\"S\u2019inscrire -\",\"isPartOf\":{\"@id\":\"https:\/\/www.music4sync.fr\/home\/#website\"},\"datePublished\":\"2023-05-28T08:54:29+00:00\",\"dateModified\":\"2024-02-13T15:43:55+00:00\",\"breadcrumb\":{\"@id\":\"https:\/\/www.music4sync.fr\/home\/register-2\/#breadcrumb\"},\"inLanguage\":\"fr-FR\",\"potentialAction\":[{\"@type\":\"ReadAction\",\"target\":[\"https:\/\/www.music4sync.fr\/home\/register-2\/\"]}]},{\"@type\":\"BreadcrumbList\",\"@id\":\"https:\/\/www.music4sync.fr\/home\/register-2\/#breadcrumb\",\"itemListElement\":[{\"@type\":\"ListItem\",\"position\":1,\"name\":\"Accueil\",\"item\":\"https:\/\/www.music4sync.fr\/home\/\"},{\"@type\":\"ListItem\",\"position\":2,\"name\":\"S\u2019inscrire\"}]},{\"@type\":\"WebSite\",\"@id\":\"https:\/\/www.music4sync.fr\/home\/#website\",\"url\":\"https:\/\/www.music4sync.fr\/home\/\",\"name\":\"\",\"description\":\"\",\"potentialAction\":[{\"@type\":\"SearchAction\",\"target\":{\"@type\":\"EntryPoint\",\"urlTemplate\":\"https:\/\/www.music4sync.fr\/home\/?s={search_term_string}\"},\"query-input\":\"required name=search_term_string\"}],\"inLanguage\":\"fr-FR\"}]}<\/script>\n<!-- \/ Yoast SEO plugin. -->","yoast_head_json":{"title":"S\u2019inscrire -","robots":{"index":"index","follow":"follow","max-snippet":"max-snippet:-1","max-image-preview":"max-image-preview:large","max-video-preview":"max-video-preview:-1"},"canonical":"https:\/\/www.music4sync.fr\/home\/register-2\/","og_locale":"fr_FR","og_type":"article","og_title":"S\u2019inscrire -","og_description":"[vc_row equal_height=&#8221;&#8221; shift_y=&#8221;0&#8243; z_index=&#8221;0&#8243; css=&#8221;.vc_custom_1685350573759{margin-top: 70px !important;}&#8221;][vc_column][vc_custom_heading text=&#8221;Contact&#8221; font_size=&#8221;24&#8243; color=&#8221;white&#8221; font_weight=&#8221;700&#8243; letter_spacing=&#8221;-1px&#8221;][vc_separator el_width=&#8221;10px&#8221; color=&#8221;white&#8221; css=&#8221;.vc_custom_1685350613946{margin-top: -10px !important;}&#8221;][vc_column_text css=&#8221;.vc_custom_1707839033626{margin-top: -5px !important;}&#8221;] Vous \u00eates r\u00e9alisateur, producteur ou monteur et vous souhaitez acc\u00e9der au contenu ? Contactez-nous, nous proc\u00e9derons \u00e0 votre inscription ! [\/vc_column_text][\/vc_column][\/vc_row]","og_url":"https:\/\/www.music4sync.fr\/home\/register-2\/","article_modified_time":"2024-02-13T15:43:55+00:00","twitter_card":"summary_large_image","twitter_misc":{"Dur\u00e9e de lecture estim\u00e9e":"1 minute"},"schema":{"@context":"https:\/\/schema.org","@graph":[{"@type":"WebPage","@id":"https:\/\/www.music4sync.fr\/home\/register-2\/","url":"https:\/\/www.music4sync.fr\/home\/register-2\/","name":"S\u2019inscrire -","isPartOf":{"@id":"https:\/\/www.music4sync.fr\/home\/#website"},"datePublished":"2023-05-28T08:54:29+00:00","dateModified":"2024-02-13T15:43:55+00:00","breadcrumb":{"@id":"https:\/\/www.music4sync.fr\/home\/register-2\/#breadcrumb"},"inLanguage":"fr-FR","potentialAction":[{"@type":"ReadAction","target":["https:\/\/www.music4sync.fr\/home\/register-2\/"]}]},{"@type":"BreadcrumbList","@id":"https:\/\/www.music4sync.fr\/home\/register-2\/#breadcrumb","itemListElement":[{"@type":"ListItem","position":1,"name":"Accueil","item":"https:\/\/www.music4sync.fr\/home\/"},{"@type":"ListItem","position":2,"name":"S\u2019inscrire"}]},{"@type":"WebSite","@id":"https:\/\/www.music4sync.fr\/home\/#website","url":"https:\/\/www.music4sync.fr\/home\/","name":"","description":"","potentialAction":[{"@type":"SearchAction","target":{"@type":"EntryPoint","urlTemplate":"https:\/\/www.music4sync.fr\/home\/?s={search_term_string}"},"query-input":"required name=search_term_string"}],"inLanguage":"fr-FR"}]}},"_links":{"self":[{"href":"https:\/\/www.music4sync.fr\/home\/wp-json\/wp\/v2\/pages\/2963","targetHints":{"allow":["GET"]}}],"collection":[{"href":"https:\/\/www.music4sync.fr\/home\/wp-json\/wp\/v2\/pages"}],"about":[{"href":"https:\/\/www.music4sync.fr\/home\/wp-json\/wp\/v2\/types\/page"}],"author":[{"embeddable":true,"href":"https:\/\/www.music4sync.fr\/home\/wp-json\/wp\/v2\/users\/1"}],"replies":[{"embeddable":true,"href":"https:\/\/www.music4sync.fr\/home\/wp-json\/wp\/v2\/comments?post=2963"}],"version-history":[{"count":9,"href":"https:\/\/www.music4sync.fr\/home\/wp-json\/wp\/v2\/pages\/2963\/revisions"}],"predecessor-version":[{"id":3371,"href":"https:\/\/www.music4sync.fr\/home\/wp-json\/wp\/v2\/pages\/2963\/revisions\/3371"}],"wp:attachment":[{"href":"https:\/\/www.music4sync.fr\/home\/wp-json\/wp\/v2\/media?parent=2963"}],"curies":[{"name":"wp","href":"https:\/\/api.w.org\/{rel}","templated":true}]}}