{"id":2009,"date":"2023-05-11T12:15:53","date_gmt":"2023-05-11T10:15:53","guid":{"rendered":"http:\/\/www.music4sync.fr\/home\/?page_id=2009"},"modified":"2024-11-18T09:03:07","modified_gmt":"2024-11-18T08:03:07","slug":"piano-solo-i","status":"publish","type":"page","link":"https:\/\/www.music4sync.fr\/home\/accueil-music4sync\/piano-solo-i\/","title":{"rendered":"Contenu restreint"},"content":{"rendered":"<p>&nbsp;<\/p>\r\n<p>&nbsp;<\/p>\r\n<p>&nbsp;<\/p>\r\n<p>&nbsp;<\/p>\r\n<p>&nbsp;<\/p>\r\n<p style=\"text-align: center\"><span style=\"color: #ffffff;font-family: helvetica, arial, sans-serif\"><span style=\"font-size: 12pt\">Vous devez vous connecter pour acc\u00e9der au contenu.<br \/><\/span>Veuillez<strong><span style=\"color: #dd9933\"> <a style=\"color: #dd9933\" href=\"https:\/\/www.music4sync.fr\/home\/login\/\">VOUS CONNECTER<\/a><\/span><\/strong> ou <strong><span style=\"color: #dd9933\"><a style=\"color: #dd9933\" href=\"https:\/\/www.music4sync.fr\/home\/register-2\/\">NOUS CONTACTER<\/a><\/span><\/strong>, nous proc\u00e9derons \u00e0 votre inscription.<\/span><\/p>","protected":false},"excerpt":{"rendered":"[vc_row equal_height=\"\" background_type=\"image\" background_color=\"custom\" background_img_lazyload=\"1\" shift_y=\"0\" z_index=\"0\" background_custom_color=\"#091b2c\" css=\".vc_custom_1686240216668{margin-top: 50px !important;}\"][vc_column content_type=\"block-media\" width=\"5\/12\" background_type=\"image\" background_color=\"custom\" background_img_lazyload=\"1\" shift_x=\"0\" shift_y=\"0\" z_index=\"0\" css=\".vc_custom_1683728314958{margin-top: -5px !important;}\" background_custom_color=\"#091b2c\"][vc_gallery img_size=\"wvc-XL\" slides_per_view=\"1\" onclick=\"custom_link\" images=\"2188\" custom_links=\"#E-8_aHR0cHMlM0ElMkYlMkZ3d3cubXVzaWM0c3luYy5mciUyRmhvbWUlMkYlMjNwbGF5bGlzdHM=\" css_animation=\"slideInLeft\"][vc_column_text css=\".vc_custom_1707121358220{margin-top: -20px !important;margin-bottom: -60px !important;}\"] Une s\u00e9lection de beaux morceaux de piano solo aux m\u00e9lodies d\u00e9licates et intimes. Parfois triste, parfois plein d\u2019espoir ; vous trouverez...<p><a rel=\"bookmark\" class=\"more-link\" href=\"https:\/\/www.music4sync.fr\/home\/accueil-music4sync\/piano-solo-i\/\"><span>Continue reading<\/span><\/a><\/p>","protected":false},"author":1,"featured_media":0,"parent":1365,"menu_order":0,"comment_status":"closed","ping_status":"closed","template":"","meta":{"footnotes":""},"class_list":{"0":"post-2009","1":"page","2":"type-page","3":"status-publish","4":"hentry","5":"entry","6":"clearfix","7":"entry-grid","8":"entry-columns-default","9":"entry-page-module-layout-standard","10":"is-wolf-playlist","11":"no-post-thumbnail","12":"entry-page","14":"entry-page-grid"},"yoast_head":"<!-- This site is optimized with the Yoast SEO plugin v21.6 - https:\/\/yoast.com\/wordpress\/plugins\/seo\/ -->\n<title>Piano Solo I -<\/title>\n<meta name=\"robots\" content=\"index, follow, max-snippet:-1, max-image-preview:large, max-video-preview:-1\" \/>\n<link rel=\"canonical\" href=\"https:\/\/www.music4sync.fr\/home\/accueil-music4sync\/piano-solo-i\/\" \/>\n<meta property=\"og:locale\" content=\"fr_FR\" \/>\n<meta property=\"og:type\" content=\"article\" \/>\n<meta property=\"og:title\" content=\"Piano Solo I -\" \/>\n<meta property=\"og:url\" content=\"https:\/\/www.music4sync.fr\/home\/accueil-music4sync\/piano-solo-i\/\" \/>\n<meta property=\"article:modified_time\" content=\"2024-11-18T08:03:07+00:00\" \/>\n<meta name=\"twitter:card\" content=\"summary_large_image\" \/>\n<meta name=\"twitter:label1\" content=\"Dur\u00e9e de lecture estim\u00e9e\" \/>\n\t<meta name=\"twitter:data1\" content=\"2 minutes\" \/>\n<script type=\"application\/ld+json\" class=\"yoast-schema-graph\">{\"@context\":\"https:\/\/schema.org\",\"@graph\":[{\"@type\":\"WebPage\",\"@id\":\"https:\/\/www.music4sync.fr\/home\/accueil-music4sync\/piano-solo-i\/\",\"url\":\"https:\/\/www.music4sync.fr\/home\/accueil-music4sync\/piano-solo-i\/\",\"name\":\"Piano Solo I -\",\"isPartOf\":{\"@id\":\"https:\/\/www.music4sync.fr\/home\/#website\"},\"datePublished\":\"2023-05-11T10:15:53+00:00\",\"dateModified\":\"2024-11-18T08:03:07+00:00\",\"breadcrumb\":{\"@id\":\"https:\/\/www.music4sync.fr\/home\/accueil-music4sync\/piano-solo-i\/#breadcrumb\"},\"inLanguage\":\"fr-FR\",\"potentialAction\":[{\"@type\":\"ReadAction\",\"target\":[\"https:\/\/www.music4sync.fr\/home\/accueil-music4sync\/piano-solo-i\/\"]}]},{\"@type\":\"BreadcrumbList\",\"@id\":\"https:\/\/www.music4sync.fr\/home\/accueil-music4sync\/piano-solo-i\/#breadcrumb\",\"itemListElement\":[{\"@type\":\"ListItem\",\"position\":1,\"name\":\"Accueil\",\"item\":\"https:\/\/www.music4sync.fr\/home\/\"},{\"@type\":\"ListItem\",\"position\":2,\"name\":\"Accueil\",\"item\":\"https:\/\/www.music4sync.fr\/home\/\"},{\"@type\":\"ListItem\",\"position\":3,\"name\":\"Piano Solo I\"}]},{\"@type\":\"WebSite\",\"@id\":\"https:\/\/www.music4sync.fr\/home\/#website\",\"url\":\"https:\/\/www.music4sync.fr\/home\/\",\"name\":\"\",\"description\":\"\",\"potentialAction\":[{\"@type\":\"SearchAction\",\"target\":{\"@type\":\"EntryPoint\",\"urlTemplate\":\"https:\/\/www.music4sync.fr\/home\/?s={search_term_string}\"},\"query-input\":\"required name=search_term_string\"}],\"inLanguage\":\"fr-FR\"}]}<\/script>\n<!-- \/ Yoast SEO plugin. -->","yoast_head_json":{"title":"Piano Solo I -","robots":{"index":"index","follow":"follow","max-snippet":"max-snippet:-1","max-image-preview":"max-image-preview:large","max-video-preview":"max-video-preview:-1"},"canonical":"https:\/\/www.music4sync.fr\/home\/accueil-music4sync\/piano-solo-i\/","og_locale":"fr_FR","og_type":"article","og_title":"Piano Solo I -","og_url":"https:\/\/www.music4sync.fr\/home\/accueil-music4sync\/piano-solo-i\/","article_modified_time":"2024-11-18T08:03:07+00:00","twitter_card":"summary_large_image","twitter_misc":{"Dur\u00e9e de lecture estim\u00e9e":"2 minutes"},"schema":{"@context":"https:\/\/schema.org","@graph":[{"@type":"WebPage","@id":"https:\/\/www.music4sync.fr\/home\/accueil-music4sync\/piano-solo-i\/","url":"https:\/\/www.music4sync.fr\/home\/accueil-music4sync\/piano-solo-i\/","name":"Piano Solo I -","isPartOf":{"@id":"https:\/\/www.music4sync.fr\/home\/#website"},"datePublished":"2023-05-11T10:15:53+00:00","dateModified":"2024-11-18T08:03:07+00:00","breadcrumb":{"@id":"https:\/\/www.music4sync.fr\/home\/accueil-music4sync\/piano-solo-i\/#breadcrumb"},"inLanguage":"fr-FR","potentialAction":[{"@type":"ReadAction","target":["https:\/\/www.music4sync.fr\/home\/accueil-music4sync\/piano-solo-i\/"]}]},{"@type":"BreadcrumbList","@id":"https:\/\/www.music4sync.fr\/home\/accueil-music4sync\/piano-solo-i\/#breadcrumb","itemListElement":[{"@type":"ListItem","position":1,"name":"Accueil","item":"https:\/\/www.music4sync.fr\/home\/"},{"@type":"ListItem","position":2,"name":"Accueil","item":"https:\/\/www.music4sync.fr\/home\/"},{"@type":"ListItem","position":3,"name":"Piano Solo I"}]},{"@type":"WebSite","@id":"https:\/\/www.music4sync.fr\/home\/#website","url":"https:\/\/www.music4sync.fr\/home\/","name":"","description":"","potentialAction":[{"@type":"SearchAction","target":{"@type":"EntryPoint","urlTemplate":"https:\/\/www.music4sync.fr\/home\/?s={search_term_string}"},"query-input":"required name=search_term_string"}],"inLanguage":"fr-FR"}]}},"_links":{"self":[{"href":"https:\/\/www.music4sync.fr\/home\/wp-json\/wp\/v2\/pages\/2009","targetHints":{"allow":["GET"]}}],"collection":[{"href":"https:\/\/www.music4sync.fr\/home\/wp-json\/wp\/v2\/pages"}],"about":[{"href":"https:\/\/www.music4sync.fr\/home\/wp-json\/wp\/v2\/types\/page"}],"author":[{"embeddable":true,"href":"https:\/\/www.music4sync.fr\/home\/wp-json\/wp\/v2\/users\/1"}],"replies":[{"embeddable":true,"href":"https:\/\/www.music4sync.fr\/home\/wp-json\/wp\/v2\/comments?post=2009"}],"version-history":[{"count":35,"href":"https:\/\/www.music4sync.fr\/home\/wp-json\/wp\/v2\/pages\/2009\/revisions"}],"predecessor-version":[{"id":3422,"href":"https:\/\/www.music4sync.fr\/home\/wp-json\/wp\/v2\/pages\/2009\/revisions\/3422"}],"up":[{"embeddable":true,"href":"https:\/\/www.music4sync.fr\/home\/wp-json\/wp\/v2\/pages\/1365"}],"wp:attachment":[{"href":"https:\/\/www.music4sync.fr\/home\/wp-json\/wp\/v2\/media?parent=2009"}],"curies":[{"name":"wp","href":"https:\/\/api.w.org\/{rel}","templated":true}]}}