{"id":1365,"date":"2023-04-14T18:14:49","date_gmt":"2023-04-14T16:14:49","guid":{"rendered":"http:\/\/www.music4sync.fr\/?page_id=1365"},"modified":"2024-11-18T09:10:46","modified_gmt":"2024-11-18T08:10:46","slug":"accueil-music4sync","status":"publish","type":"page","link":"https:\/\/www.music4sync.fr\/home\/","title":{"rendered":"Accueil"},"content":{"rendered":"<section class=\"wpb-content-wrapper\"><p>[vc_row content_width=&#8221;full&#8221; full_height=&#8221;yes&#8221; equal_height=&#8221;&#8221; content_placement=&#8221;top&#8221; shift_y=&#8221;0&#8243; z_index=&#8221;0&#8243; arrow_down=&#8221;true&#8221; full_width=&#8221;stretch_row_content_no_spaces&#8221; css=&#8221;.vc_custom_1707845218786{margin-top: 20px !important;background-color: #0a1b2d !important;background-position: center !important;background-repeat: no-repeat !important;background-size: cover !important;}&#8221; row_name=&#8221;Accueil&#8221;][vc_column][vc_custom_heading text=&#8221;Music4Sync&#8221; font_size=&#8221;300&#8243; responsive=&#8221;yes&#8221; min_font_size=&#8221;30&#8243; text_align_mobile=&#8221;center&#8221; color=&#8221;custom&#8221; font_weight=&#8221;700&#8243; text_transform=&#8221;none&#8221; letter_spacing=&#8221;-6px&#8221; font_container=&#8221;tag:h2|font_size:20|text_align:center|color:%23dd9934&#8243; custom_color=&#8221;#ffffff&#8221; css=&#8221;.vc_custom_1707839367590{margin-top: 100px !important;}&#8221;][vc_custom_heading text=&#8221;Musiques premium pour l&#8217;image&#8221; font_size=&#8221;20&#8243; color=&#8221;custom&#8221; font_weight=&#8221;100&#8243; text_transform=&#8221;uppercase&#8221; letter_spacing=&#8221;-1px&#8221; font_container=&#8221;tag:h2|font_size:20|text_align:center|color:%23dd9934&#8243; custom_color=&#8221;#dd9933&#8243;][vc_column_text css=&#8221;.vc_custom_1707122181792{margin-top: -30px !important;}&#8221;]<\/p>\n<p style=\"text-align: center;\"><span style=\"color: #ffffff;\">\u00c9coutez<span style=\"font-family: helvetica, arial, sans-serif;\">\u00a0 I\u00a0 T\u00e9l\u00e9chargez\u00a0 I\u00a0 Cr\u00e9ez <\/span><\/span><\/p>\n<p>[\/vc_column_text][vc_cta txt_align=&#8221;center&#8221; h2=&#8221;&#8221; text_transform=&#8221;none&#8221; btn_title=&#8221;SE CONNECTER&#8221; btn_size=&#8221;xs&#8221; btn_hover_effect=&#8221;upper&#8221; btn_font_weight=&#8221;400&#8243; css=&#8221;.vc_custom_1707122090232{margin-top: -70px !important;}&#8221; btn_link=&#8221;url:https%3A%2F%2Fwww.music4sync.fr%2Fhome%2Flogin%2F|title:Login&#8221;][\/vc_column][\/vc_row][vc_row equal_height=&#8221;&#8221; background_type=&#8221;image&#8221; background_color=&#8221;lightergrey&#8221; background_img_lazyload=&#8221;1&#8243; shift_y=&#8221;0&#8243; z_index=&#8221;0&#8243; row_name=&#8221;Playlists&#8221;][vc_column shift_x=&#8221;0&#8243; shift_y=&#8221;0&#8243; z_index=&#8221;0&#8243; max_width=&#8221;900px&#8221; el_class=&#8221;playlist&#8221;][vc_gallery img_size=&#8221;600&#215;600&#8243; slides_per_view=&#8221;4&#8243; hover_effect=&#8221;opacity&#8221; onclick=&#8221;custom_link&#8221; images=&#8221;2147,2145,2144,2167,2148,2151,2149,2146,2207,2166,2165,2172,2933,2924,2158,3143,3044,2164,3246,2159,2919,2918,2157,2163,2152,2154,2170&#8243; custom_links=&#8221;#E-8_aHR0cHMlM0ElMkYlMkZ3d3cubXVzaWM0c3luYy5mciUyRmhvbWUlMkZtdXNpYzRzeW5jJTJGZW1vdGlvbmFsJTJGJTJDaHR0cHMlM0ElMkYlMkZ3d3cubXVzaWM0c3luYy5mciUyRmhvbWUlMkZtdXNpYzRzeW5jJTJGY2luZW1hdGljJTJGJTJDaHR0cHMlM0ElMkYlMkZ3d3cubXVzaWM0c3luYy5mciUyRmhvbWUlMkZtdXNpYzRzeW5jJTJGYW1iaWVudC0zJTJGJTJDaHR0cHMlM0ElMkYlMkZ3d3cubXVzaWM0c3luYy5mciUyRmhvbWUlMkZtdXNpYzRzeW5jJTJGdGVuc2lvbi1zdXNwZW5zJTJGJTJDaHR0cHMlM0ElMkYlMkZ3d3cubXVzaWM0c3luYy5mciUyRmhvbWUlMkZtdXNpYzRzeW5jJTJGZHJvbmUtMiUyRiUyQ2h0dHBzJTNBJTJGJTJGd3d3Lm11c2ljNHN5bmMuZnIlMkZob21lJTJGbXVzaWM0c3luYyUyRmVwaWNtdXNpYyUyRiUyQ2h0dHBzJTNBJTJGJTJGd3d3Lm11c2ljNHN5bmMuZnIlMkZob21lJTJGbXVzaWM0c3luYyUyRmVsZWN0cm9uaWNhcnRzJTJDaHR0cHMlM0ElMkYlMkZ3d3cubXVzaWM0c3luYy5mciUyRmhvbWUlMkZtdXNpYzRzeW5jJTJGY29ycG9yYXRlJTJGJTJDaHR0cHMlM0ElMkYlMkZ3d3cubXVzaWM0c3luYy5mciUyRmhvbWUlMkZtdXNpYzRzeW5jJTJGdXAtaGFwcHklMkYlMkNodHRwcyUzQSUyRiUyRnd3dy5tdXNpYzRzeW5jLmZyJTJGaG9tZSUyRm11c2ljNHN5bmMlMkZzdW1tZXJ2aWJlcyUyRiUyQ2h0dHBzJTNBJTJGJTJGd3d3Lm11c2ljNHN5bmMuZnIlMkZob21lJTJGbXVzaWM0c3luYyUyRnN1bW1lcmZvbGslMkYlMkNodHRwcyUzQSUyRiUyRnd3dy5tdXNpYzRzeW5jLmZyJTJGaG9tZSUyRm11c2ljNHN5bmMlMkZ3aW50ZXJmb2xrJTJGJTJDaHR0cHMlM0ElMkYlMkZ3d3cubXVzaWM0c3luYy5mciUyRmhvbWUlMkZtdXNpYzRzeW5jJTJGZWxlY3Ryby1vcmNoZXN0cmFsLTIlMkYlMkNodHRwcyUzQSUyRiUyRnd3dy5tdXNpYzRzeW5jLmZyJTJGaG9tZSUyRm11c2ljNHN5bmMlMkZwaWFuby1zb2xvLWklMkYlMkNodHRwcyUzQSUyRiUyRnd3dy5tdXNpYzRzeW5jLmZyJTJGaG9tZSUyRm11c2ljNHN5bmMlMkZuZW9yZXRybyUyRiUyQ2h0dHBzJTNBJTJGJTJGd3d3Lm11c2ljNHN5bmMuZnIlMkZob21lJTJGYWNjdWVpbC1tdXNpYzRzeW5jJTJGamF6ei1pbnNwaXJlZCUyRiUyQ2h0dHBzJTNBJTJGJTJGd3d3Lm11c2ljNHN5bmMuZnIlMkZob21lJTJGbXVzaWM0c3luYyUyRmdhcmFnZXJvY2slMkYlMkNodHRwcyUzQSUyRiUyRnd3dy5tdXNpYzRzeW5jLmZyJTJGaG9tZSUyRm11c2ljNHN5bmMlMkZyb2NrLTIlMkYlMkNodHRwcyUzQSUyRiUyRnd3dy5tdXNpYzRzeW5jLmZyJTJGaG9tZSUyRmFjY3VlaWwtbXVzaWM0c3luYyUyRndvcmxkLWRpc2NvdmVyeSUyRiUyQ2h0dHBzJTNBJTJGJTJGd3d3Lm11c2ljNHN5bmMuZnIlMkZob21lJTJGbXVzaWM0c3luYyUyRnBlcmN1c3Npb25zJTJGJTJDaHR0cHMlM0ElMkYlMkZ3d3cubXVzaWM0c3luYy5mciUyRmhvbWUlMkZtdXNpYzRzeW5jJTJGc29uZ3MlMkYlMkNodHRwcyUzQSUyRiUyRnd3dy5tdXNpYzRzeW5jLmZyJTJGaG9tZSUyRm11c2ljNHN5bmMlMkZjb3ZlcnMlMkYlMkNodHRwcyUzQSUyRiUyRnd3dy5tdXNpYzRzeW5jLmZyJTJGaG9tZSUyRm11c2ljNHN5bmMlMkZtdXNpYzRraWRzJTJGJTJDaHR0cHMlM0ElMkYlMkZ3d3cubXVzaWM0c3luYy5mciUyRmhvbWUlMkZtdXNpYzRzeW5jJTJGcmV0cm93YXZlcy0yJTJGJTJDaHR0cHMlM0ElMkYlMkZ3d3cubXVzaWM0c3luYy5mciUyRmhvbWUlMkZtdXNpYzRzeW5jJTJGZXhvdGljLTIlMkYlMkNodHRwcyUzQSUyRiUyRnd3dy5tdXNpYzRzeW5jLmZyJTJGaG9tZSUyRm11c2ljNHN5bmMlMkZsb2ZpYmVhdHMtMiUyRiUyQ2h0dHBzJTNBJTJGJTJGd3d3Lm11c2ljNHN5bmMuZnIlMkZob21lJTJGbXVzaWM0c3luYyUyRmNocmlzdG1hc3NvdW5kJTJGJTJD&#8221;][\/vc_column][\/vc_row][vc_row equal_height=&#8221;&#8221; content_placement=&#8221;middle&#8221; background_type=&#8221;image&#8221; background_color=&#8221;custom&#8221; background_img_lazyload=&#8221;1&#8243; shift_y=&#8221;0&#8243; z_index=&#8221;0&#8243; full_width=&#8221;stretch_row&#8221; parallax=&#8221;content-moving&#8221; background_custom_color=&#8221;#091b2c&#8221; css=&#8221;.vc_custom_1707899797812{margin-bottom: -50px !important;background-color: #0a1b2d !important;}&#8221; row_name=&#8221;REFERENCES&#8221;][vc_column background_type=&#8221;image&#8221; background_color=&#8221;custom&#8221; background_img_lazyload=&#8221;1&#8243; shift_x=&#8221;0&#8243; shift_y=&#8221;0&#8243; z_index=&#8221;0&#8243; css=&#8221;.vc_custom_1684324826178{margin-top: 0px !important;}&#8221; background_custom_color=&#8221;#091b2c&#8221;][vc_custom_heading text=&#8221;Ils nous font confiance&#8221; font_size=&#8221;30&#8243; responsive=&#8221;yes&#8221; min_font_size=&#8221;18&#8243; color=&#8221;white&#8221; font_weight=&#8221;500&#8243; text_transform=&#8221;none&#8221; letter_spacing=&#8221;-2px&#8221; font_container=&#8221;tag:h2|font_size:20|text_align:center|color:%23ffffff&#8221; css=&#8221;.vc_custom_1707122103284{margin-top: -70px !important;}&#8221;][vc_separator el_width=&#8221;10&#8243; color=&#8221;white&#8221; css_animation=&#8221;appear&#8221;][vc_column_text][\/vc_column_text][vc_column_text css=&#8221;.vc_custom_1684308603180{margin-bottom: 0px !important;}&#8221;][\/vc_column_text][\/vc_column][\/vc_row][vc_row equal_height=&#8221;&#8221; background_type=&#8221;image&#8221; background_color=&#8221;lightergrey&#8221; background_img_lazyload=&#8221;1&#8243; shift_y=&#8221;0&#8243; z_index=&#8221;0&#8243; row_name=&#8221;A Propos&#8221;][vc_column][vc_custom_heading text=&#8221;Qui sommes-nous ?&#8221; font_size=&#8221;30&#8243; responsive=&#8221;yes&#8221; min_font_size=&#8221;18&#8243; color=&#8221;custom&#8221; font_weight=&#8221;500&#8243; text_transform=&#8221;none&#8221; letter_spacing=&#8221;-2px&#8221; custom_color=&#8221;#091b2c&#8221;][vc_separator el_width=&#8221;10&#8243; color=&#8221;custom&#8221; css=&#8221;.vc_custom_1707851208720{margin-top: -10px !important;}&#8221;][vc_column_text]<\/p>\n<p style=\"text-align: center;\"><span style=\"font-size: 14pt;\">Fond\u00e9 par deux musiciens ind\u00e9pendants, Music4Sync propose des musiques premium destin\u00e9es aux r\u00e9alisateurs, producteurs et monteurs.<\/span><\/p>\n<p style=\"text-align: center;\"><span style=\"font-size: 14pt;\">&#8220;<em>Nous accordons une grande importance \u00e0 la <strong>qualit\u00e9<\/strong> de nos cr\u00e9ations. Notre d\u00e9marche artistique est <strong>sinc\u00e8re <\/strong>et<strong> authentique<\/strong> : chaque morceau est compos\u00e9 et mix\u00e9 avec le plus grand soin. Notre <strong>singularit\u00e9<\/strong> est d\u2019offrir des musiques qui se d\u00e9marquent et apportent une <strong>valeur unique<\/strong> \u00e0 vos images.<\/em>&#8220;<\/span><\/p>\n<p>[\/vc_column_text][vc_gallery img_size=&#8221;full&#8221; slides_per_view=&#8221;6&#8243; hover_effect=&#8221;opacity&#8221; add_caption=&#8221;yes&#8221; onclick=&#8221;none&#8221; images=&#8221;3387,3386,3393,3394,3385,3384&#8243;][\/vc_column][\/vc_row][vc_row equal_height=&#8221;&#8221; background_type=&#8221;image&#8221; background_color=&#8221;custom&#8221; background_img_lazyload=&#8221;1&#8243; shift_y=&#8221;0&#8243; z_index=&#8221;0&#8243; row_name=&#8221;Contact&#8221; background_custom_color=&#8221;#091b2c&#8221;][vc_column][vc_custom_heading text=&#8221;Une question ? Contactez-nous !&#8221; font_size=&#8221;30&#8243; responsive=&#8221;yes&#8221; min_font_size=&#8221;18&#8243; color=&#8221;white&#8221; font_weight=&#8221;500&#8243; text_transform=&#8221;none&#8221; letter_spacing=&#8221;-2px&#8221; font_container=&#8221;tag:h2|font_size:20|text_align:center|color:%230a1b2d&#8221;][vc_separator el_width=&#8221;10&#8243; color=&#8221;white&#8221; css_animation=&#8221;appear&#8221; accent_color=&#8221;#0a1b2d&#8221;][vc_column_text]\n<div class=\"wpcf7 no-js\" id=\"wpcf7-f2469-o1\" lang=\"fr-FR\" dir=\"ltr\">\n<div class=\"screen-reader-response\"><p role=\"status\" aria-live=\"polite\" aria-atomic=\"true\"><\/p> <ul><\/ul><\/div>\n<form action=\"\/home\/wp-json\/wp\/v2\/pages\/1365#wpcf7-f2469-o1\" method=\"post\" class=\"wpcf7-form init\" aria-label=\"Formulaire de contact\" novalidate=\"novalidate\" data-status=\"init\">\n<div style=\"display: none;\">\n<input type=\"hidden\" name=\"_wpcf7\" value=\"2469\" \/>\n<input type=\"hidden\" name=\"_wpcf7_version\" value=\"5.8.5\" \/>\n<input type=\"hidden\" name=\"_wpcf7_locale\" value=\"fr_FR\" \/>\n<input type=\"hidden\" name=\"_wpcf7_unit_tag\" value=\"wpcf7-f2469-o1\" \/>\n<input type=\"hidden\" name=\"_wpcf7_container_post\" value=\"0\" \/>\n<input type=\"hidden\" name=\"_wpcf7_posted_data_hash\" value=\"\" \/>\n<input type=\"hidden\" name=\"_wpcf7_recaptcha_response\" value=\"\" \/>\n<\/div>\n<p><label> Votre nom<br \/>\n<span class=\"wpcf7-form-control-wrap\" data-name=\"your-name\"><input size=\"40\" class=\"wpcf7-form-control wpcf7-text wpcf7-validates-as-required\" autocomplete=\"name\" aria-required=\"true\" aria-invalid=\"false\" value=\"\" type=\"text\" name=\"your-name\" \/><\/span> <\/label>\n<\/p>\n<p><label> Votre email<br \/>\n<span class=\"wpcf7-form-control-wrap\" data-name=\"your-email\"><input size=\"40\" class=\"wpcf7-form-control wpcf7-email wpcf7-validates-as-required wpcf7-text wpcf7-validates-as-email\" autocomplete=\"email\" aria-required=\"true\" aria-invalid=\"false\" value=\"\" type=\"email\" name=\"your-email\" \/><\/span> <\/label>\n<\/p>\n<p><label> Sujet<br \/>\n<span class=\"wpcf7-form-control-wrap\" data-name=\"your-subject\"><input size=\"40\" class=\"wpcf7-form-control wpcf7-text wpcf7-validates-as-required\" aria-required=\"true\" aria-invalid=\"false\" value=\"\" type=\"text\" name=\"your-subject\" \/><\/span> <\/label>\n<\/p>\n<p><label> Votre message<br \/>\n<span class=\"wpcf7-form-control-wrap\" data-name=\"your-message\"><textarea cols=\"40\" rows=\"10\" class=\"wpcf7-form-control wpcf7-textarea\" aria-invalid=\"false\" name=\"your-message\"><\/textarea><\/span> <\/label>\n<\/p>\n<p><input class=\"wpcf7-form-control wpcf7-submit has-spinner\" type=\"submit\" value=\"Envoyer\" \/>\n<\/p><p style=\"display: none !important;\" class=\"akismet-fields-container\" data-prefix=\"_wpcf7_ak_\"><label>&#916;<textarea name=\"_wpcf7_ak_hp_textarea\" cols=\"45\" rows=\"8\" maxlength=\"100\"><\/textarea><\/label><input type=\"hidden\" id=\"ak_js_1\" name=\"_wpcf7_ak_js\" value=\"74\"\/><script type=\"text\/javascript\">\n\/* <![CDATA[ *\/\ndocument.getElementById( \"ak_js_1\" ).setAttribute( \"value\", ( new Date() ).getTime() );\n\/* ]]> *\/\n<\/script>\n<\/p><div class=\"wpcf7-response-output\" aria-hidden=\"true\"><\/div>\n<\/form>\n<\/div>\n[\/vc_column_text][vc_button title=&#8221;CGU&#8221; color=&#8221;white&#8221; size=&#8221;xs&#8221; font_weight=&#8221;400&#8243; link=&#8221;url:https%3A%2F%2Fwww.music4sync.fr%2Fhome%2Fmusic4sync%2Fcgu%2F&#8221;][\/vc_column][\/vc_row][vc_row equal_height=&#8221;&#8221; background_type=&#8221;image&#8221; background_color=&#8221;lightergrey&#8221; background_img_lazyload=&#8221;1&#8243; shift_y=&#8221;0&#8243; z_index=&#8221;0&#8243; row_name=&#8221;Se Connecter&#8221;][vc_column][vc_custom_heading text=&#8221;Espace connexion&#8221; font_size=&#8221;30&#8243; responsive=&#8221;yes&#8221; min_font_size=&#8221;18&#8243; color=&#8221;custom&#8221; font_weight=&#8221;700&#8243; text_transform=&#8221;none&#8221; letter_spacing=&#8221;-2px&#8221; custom_color=&#8221;#091b2c&#8221;][vc_separator el_width=&#8221;10px&#8221; color=&#8221;darkgrey&#8221; css=&#8221;.vc_custom_1707851184385{margin-top: -10px !important;}&#8221;][vc_button title=&#8221;SE CONNECTER&#8221; font_weight=&#8221;400&#8243; link=&#8221;url:https%3A%2F%2Fwww.music4sync.fr%2Fhome%2Flogin%2F|title:Se%20Connecter&#8221;][\/vc_column][\/vc_row]<\/p>\n<\/section>","protected":false},"excerpt":{"rendered":"<p>[vc_row content_width=&#8221;full&#8221; full_height=&#8221;yes&#8221; equal_height=&#8221;&#8221; content_placement=&#8221;top&#8221; shift_y=&#8221;0&#8243; z_index=&#8221;0&#8243; arrow_down=&#8221;true&#8221; full_width=&#8221;stretch_row_content_no_spaces&#8221; css=&#8221;.vc_custom_1707845218786{margin-top: 20px !important;background-color: #0a1b2d !important;background-position: center !important;background-repeat: no-repeat !important;background-size: cover !important;}&#8221; row_name=&#8221;Accueil&#8221;][vc_column][vc_custom_heading text=&#8221;Music4Sync&#8221; font_size=&#8221;300&#8243; responsive=&#8221;yes&#8221; min_font_size=&#8221;30&#8243; text_align_mobile=&#8221;center&#8221; color=&#8221;custom&#8221; font_weight=&#8221;700&#8243; text_transform=&#8221;none&#8221; letter_spacing=&#8221;-6px&#8221; font_container=&#8221;tag:h2|font_size:20|text_align:center|color:%23dd9934&#8243; custom_color=&#8221;#ffffff&#8221; css=&#8221;.vc_custom_1707839367590{margin-top: 100px !important;}&#8221;][vc_custom_heading text=&#8221;Musiques premium pour l&#8217;image&#8221; font_size=&#8221;20&#8243; color=&#8221;custom&#8221; font_weight=&#8221;100&#8243; text_transform=&#8221;uppercase&#8221; letter_spacing=&#8221;-1px&#8221; font_container=&#8221;tag:h2|font_size:20|text_align:center|color:%23dd9934&#8243; custom_color=&#8221;#dd9933&#8243;][vc_column_text css=&#8221;.vc_custom_1707122181792{margin-top: -30px !important;}&#8221;] \u00c9coutez\u00a0 I\u00a0 T\u00e9l\u00e9chargez\u00a0 I\u00a0 Cr\u00e9ez [\/vc_column_text][vc_cta&#8230;<\/p>\n<p><a rel=\"bookmark\" class=\"more-link\" href=\"https:\/\/www.music4sync.fr\/home\/\"><span>Continue reading<\/span><\/a><\/p>\n","protected":false},"author":1,"featured_media":0,"parent":0,"menu_order":0,"comment_status":"closed","ping_status":"closed","template":"","meta":{"footnotes":""},"class_list":{"0":"post-1365","1":"page","2":"type-page","3":"status-publish","4":"hentry","5":"entry","6":"clearfix","7":"entry-grid","8":"entry-columns-default","9":"entry-page-module-layout-standard","10":"no-post-thumbnail","11":"entry-page","13":"entry-page-grid"},"yoast_head":"<!-- This site is optimized with the Yoast SEO plugin v21.6 - https:\/\/yoast.com\/wordpress\/plugins\/seo\/ -->\n<title>Accueil - Music4Sync<\/title>\n<meta name=\"description\" content=\"Music4Sync : Musiques premium pour l&#039;image.\" \/>\n<meta name=\"robots\" content=\"index, follow, max-snippet:-1, max-image-preview:large, max-video-preview:-1\" \/>\n<link rel=\"canonical\" href=\"https:\/\/www.music4sync.fr\/home\/\" \/>\n<meta property=\"og:locale\" content=\"fr_FR\" \/>\n<meta property=\"og:type\" content=\"article\" \/>\n<meta property=\"og:title\" content=\"Accueil - Music4Sync\" \/>\n<meta property=\"og:description\" content=\"Music4Sync : Musiques premium pour l&#039;image.\" \/>\n<meta property=\"og:url\" content=\"https:\/\/www.music4sync.fr\/home\/\" \/>\n<meta property=\"article:modified_time\" content=\"2024-11-18T08:10:46+00:00\" \/>\n<meta name=\"twitter:card\" content=\"summary_large_image\" \/>\n<meta name=\"twitter:label1\" content=\"Dur\u00e9e de lecture estim\u00e9e\" \/>\n\t<meta name=\"twitter:data1\" content=\"2 minutes\" \/>\n<script type=\"application\/ld+json\" class=\"yoast-schema-graph\">{\"@context\":\"https:\/\/schema.org\",\"@graph\":[{\"@type\":\"WebPage\",\"@id\":\"https:\/\/www.music4sync.fr\/home\/\",\"url\":\"https:\/\/www.music4sync.fr\/home\/\",\"name\":\"Accueil - Music4Sync\",\"isPartOf\":{\"@id\":\"https:\/\/www.music4sync.fr\/home\/#website\"},\"datePublished\":\"2023-04-14T16:14:49+00:00\",\"dateModified\":\"2024-11-18T08:10:46+00:00\",\"description\":\"Music4Sync : Musiques premium pour l'image.\",\"breadcrumb\":{\"@id\":\"https:\/\/www.music4sync.fr\/home\/#breadcrumb\"},\"inLanguage\":\"fr-FR\",\"potentialAction\":[{\"@type\":\"ReadAction\",\"target\":[\"https:\/\/www.music4sync.fr\/home\/\"]}]},{\"@type\":\"BreadcrumbList\",\"@id\":\"https:\/\/www.music4sync.fr\/home\/#breadcrumb\",\"itemListElement\":[{\"@type\":\"ListItem\",\"position\":1,\"name\":\"Accueil\",\"item\":\"https:\/\/www.music4sync.fr\/home\/\"},{\"@type\":\"ListItem\",\"position\":2,\"name\":\"Accueil\"}]},{\"@type\":\"WebSite\",\"@id\":\"https:\/\/www.music4sync.fr\/home\/#website\",\"url\":\"https:\/\/www.music4sync.fr\/home\/\",\"name\":\"\",\"description\":\"\",\"potentialAction\":[{\"@type\":\"SearchAction\",\"target\":{\"@type\":\"EntryPoint\",\"urlTemplate\":\"https:\/\/www.music4sync.fr\/home\/?s={search_term_string}\"},\"query-input\":\"required name=search_term_string\"}],\"inLanguage\":\"fr-FR\"}]}<\/script>\n<!-- \/ Yoast SEO plugin. -->","yoast_head_json":{"title":"Accueil - Music4Sync","description":"Music4Sync : Musiques premium pour l'image.","robots":{"index":"index","follow":"follow","max-snippet":"max-snippet:-1","max-image-preview":"max-image-preview:large","max-video-preview":"max-video-preview:-1"},"canonical":"https:\/\/www.music4sync.fr\/home\/","og_locale":"fr_FR","og_type":"article","og_title":"Accueil - Music4Sync","og_description":"Music4Sync : Musiques premium pour l'image.","og_url":"https:\/\/www.music4sync.fr\/home\/","article_modified_time":"2024-11-18T08:10:46+00:00","twitter_card":"summary_large_image","twitter_misc":{"Dur\u00e9e de lecture estim\u00e9e":"2 minutes"},"schema":{"@context":"https:\/\/schema.org","@graph":[{"@type":"WebPage","@id":"https:\/\/www.music4sync.fr\/home\/","url":"https:\/\/www.music4sync.fr\/home\/","name":"Accueil - Music4Sync","isPartOf":{"@id":"https:\/\/www.music4sync.fr\/home\/#website"},"datePublished":"2023-04-14T16:14:49+00:00","dateModified":"2024-11-18T08:10:46+00:00","description":"Music4Sync : Musiques premium pour l'image.","breadcrumb":{"@id":"https:\/\/www.music4sync.fr\/home\/#breadcrumb"},"inLanguage":"fr-FR","potentialAction":[{"@type":"ReadAction","target":["https:\/\/www.music4sync.fr\/home\/"]}]},{"@type":"BreadcrumbList","@id":"https:\/\/www.music4sync.fr\/home\/#breadcrumb","itemListElement":[{"@type":"ListItem","position":1,"name":"Accueil","item":"https:\/\/www.music4sync.fr\/home\/"},{"@type":"ListItem","position":2,"name":"Accueil"}]},{"@type":"WebSite","@id":"https:\/\/www.music4sync.fr\/home\/#website","url":"https:\/\/www.music4sync.fr\/home\/","name":"","description":"","potentialAction":[{"@type":"SearchAction","target":{"@type":"EntryPoint","urlTemplate":"https:\/\/www.music4sync.fr\/home\/?s={search_term_string}"},"query-input":"required name=search_term_string"}],"inLanguage":"fr-FR"}]}},"_links":{"self":[{"href":"https:\/\/www.music4sync.fr\/home\/wp-json\/wp\/v2\/pages\/1365","targetHints":{"allow":["GET"]}}],"collection":[{"href":"https:\/\/www.music4sync.fr\/home\/wp-json\/wp\/v2\/pages"}],"about":[{"href":"https:\/\/www.music4sync.fr\/home\/wp-json\/wp\/v2\/types\/page"}],"author":[{"embeddable":true,"href":"https:\/\/www.music4sync.fr\/home\/wp-json\/wp\/v2\/users\/1"}],"replies":[{"embeddable":true,"href":"https:\/\/www.music4sync.fr\/home\/wp-json\/wp\/v2\/comments?post=1365"}],"version-history":[{"count":232,"href":"https:\/\/www.music4sync.fr\/home\/wp-json\/wp\/v2\/pages\/1365\/revisions"}],"predecessor-version":[{"id":3428,"href":"https:\/\/www.music4sync.fr\/home\/wp-json\/wp\/v2\/pages\/1365\/revisions\/3428"}],"wp:attachment":[{"href":"https:\/\/www.music4sync.fr\/home\/wp-json\/wp\/v2\/media?parent=1365"}],"curies":[{"name":"wp","href":"https:\/\/api.w.org\/{rel}","templated":true}]}}